{"id":106,"date":"2025-10-24T10:35:18","date_gmt":"2025-10-24T10:35:18","guid":{"rendered":"https:\/\/techguard.websal.ro\/cart\/"},"modified":"2025-11-03T18:18:17","modified_gmt":"2025-11-03T15:18:17","slug":"cosul-meu","status":"publish","type":"page","link":"https:\/\/techguard.websal.ro\/?page_id=106","title":{"rendered":"Co\u0219ul meu"},"content":{"rendered":"\t\t<div data-elementor-type=\"wp-page\" data-elementor-id=\"106\" class=\"elementor elementor-106\" data-elementor-post-type=\"page\">\n\t\t\t\t\t\t<section class=\"elementor-section elementor-top-section elementor-element elementor-element-7a28e3ac elementor-section-boxed elementor-section-height-default elementor-section-height-default\" data-id=\"7a28e3ac\" data-element_type=\"section\" data-settings=\"{&quot;background_background&quot;:&quot;classic&quot;}\">\n\t\t\t\t\t\t\t<div class=\"elementor-background-overlay\"><\/div>\n\t\t\t\t\t\t\t<div class=\"elementor-container elementor-column-gap-default\">\n\t\t\t\t\t<div class=\"elementor-column elementor-col-100 elementor-top-column elementor-element elementor-element-6ec72321\" data-id=\"6ec72321\" data-element_type=\"column\">\n\t\t\t<div class=\"elementor-widget-wrap elementor-element-populated\">\n\t\t\t\t\t\t<section class=\"elementor-section elementor-inner-section elementor-element elementor-element-234301a1 elementor-section-boxed elementor-section-height-default elementor-section-height-default\" data-id=\"234301a1\" data-element_type=\"section\">\n\t\t\t\t\t\t<div class=\"elementor-container elementor-column-gap-default\">\n\t\t\t\t\t<div class=\"elementor-column elementor-col-100 elementor-inner-column elementor-element elementor-element-21965362\" data-id=\"21965362\" data-element_type=\"column\">\n\t\t\t<div class=\"elementor-widget-wrap elementor-element-populated\">\n\t\t\t\t\t\t<div class=\"elementor-element elementor-element-354c47f0 elementor-widget elementor-widget-heading\" data-id=\"354c47f0\" data-element_type=\"widget\" data-widget_type=\"heading.default\">\n\t\t\t\t\t<h1 class=\"elementor-heading-title elementor-size-default\">Co\u0219ul meu<\/h1>\t\t\t\t<\/div>\n\t\t\t\t\t<\/div>\n\t\t<\/div>\n\t\t\t\t\t<\/div>\n\t\t<\/section>\n\t\t\t\t<div class=\"elementor-element elementor-element-21394628 e-cart-layout-two-column elementor-widget elementor-widget-woocommerce-cart\" data-id=\"21394628\" data-element_type=\"widget\" data-settings=\"{&quot;update_cart_automatically&quot;:&quot;yes&quot;}\" data-widget_type=\"woocommerce-cart.default\">\n\t\t\t\t<div class=\"elementor-widget-container\">\n\t\t\t\t\t<div class=\"woocommerce\"><div class=\"woocommerce-notices-wrapper\"><\/div><div class=\"wc-empty-cart-message\">\n\t<div class=\"cart-empty woocommerce-info\" role=\"status\">\n\t\tYour cart is currently empty.\t<\/div>\n<\/div>\t<p class=\"return-to-shop\">\n\t\t<a class=\"button wc-backward\" href=\"https:\/\/techguard.websal.ro\/?page_id=105\">\n\t\t\tReturn to shop\t\t<\/a>\n\t<\/p>\n<\/div>\t\t\t\t<\/div>\n\t\t\t\t<\/div>\n\t\t\t\t\t<\/div>\n\t\t<\/div>\n\t\t\t\t\t<\/div>\n\t\t<\/section>\n\t\t\t\t<section class=\"elementor-section elementor-top-section elementor-element elementor-element-53baa831 elementor-section-boxed elementor-section-height-default elementor-section-height-default\" data-id=\"53baa831\" data-element_type=\"section\" data-settings=\"{&quot;background_background&quot;:&quot;classic&quot;}\">\n\t\t\t\t\t\t<div class=\"elementor-container elementor-column-gap-default\">\n\t\t\t\t\t<div class=\"elementor-column elementor-col-100 elementor-top-column elementor-element elementor-element-124839fc\" data-id=\"124839fc\" data-element_type=\"column\">\n\t\t\t<div class=\"elementor-widget-wrap elementor-element-populated\">\n\t\t\t\t\t\t<section class=\"elementor-section elementor-inner-section elementor-element elementor-element-2d5607b5 elementor-section-content-middle elementor-section-boxed elementor-section-height-default elementor-section-height-default\" data-id=\"2d5607b5\" data-element_type=\"section\">\n\t\t\t\t\t\t<div class=\"elementor-container elementor-column-gap-default\">\n\t\t\t\t\t<div class=\"elementor-column elementor-col-50 elementor-inner-column elementor-element elementor-element-46c7b196\" data-id=\"46c7b196\" data-element_type=\"column\">\n\t\t\t<div class=\"elementor-widget-wrap elementor-element-populated\">\n\t\t\t\t\t\t<div class=\"elementor-element elementor-element-2a502bcd elementor-widget elementor-widget-heading\" data-id=\"2a502bcd\" data-element_type=\"widget\" data-widget_type=\"heading.default\">\n\t\t\t\t\t<h2 class=\"elementor-heading-title elementor-size-default\">Profit\u01ce de reduceri<\/h2>\t\t\t\t<\/div>\n\t\t\t\t\t<\/div>\n\t\t<\/div>\n\t\t\t\t<div class=\"elementor-column elementor-col-50 elementor-inner-column elementor-element elementor-element-3aacabbf\" data-id=\"3aacabbf\" data-element_type=\"column\">\n\t\t\t<div class=\"elementor-widget-wrap elementor-element-populated\">\n\t\t\t\t\t\t<div class=\"elementor-element elementor-element-b941807 elementor-align-right elementor-mobile-align-center elementor-widget elementor-widget-button\" data-id=\"b941807\" data-element_type=\"widget\" data-widget_type=\"button.default\">\n\t\t\t\t\t\t\t\t\t\t<a class=\"elementor-button elementor-button-link elementor-size-sm\" href=\"https:\/\/techguard.websal.ro\/?page_id=105\">\n\t\t\t\t\t\t<span class=\"elementor-button-content-wrapper\">\n\t\t\t\t\t\t\t\t\t<span class=\"elementor-button-text\">Vezi toate produsele<\/span>\n\t\t\t\t\t<\/span>\n\t\t\t\t\t<\/a>\n\t\t\t\t\t\t\t\t<\/div>\n\t\t\t\t\t<\/div>\n\t\t<\/div>\n\t\t\t\t\t<\/div>\n\t\t<\/section>\n\t\t\t\t<div class=\"elementor-element elementor-element-5a57928f elementor-product-loop-item--align-center elementor-product-loop-item--align-center elementor-grid-tablet-2 products-heading-show elementor-grid-4 elementor-grid-mobile-2 elementor-products-grid elementor-wc-products elementor-invisible elementor-widget elementor-widget-woocommerce-products\" data-id=\"5a57928f\" data-element_type=\"widget\" data-settings=\"{&quot;_animation&quot;:&quot;fadeIn&quot;,&quot;_animation_delay&quot;:300}\" data-widget_type=\"woocommerce-products.default\">\n\t\t\t\t<div class=\"elementor-widget-container\">\n\t\t\t\t\t<div class=\"woocommerce columns-4 \"><ul class=\"products elementor-grid columns-4\">\n<li class=\"product type-product post-486 status-publish first instock product_cat-huse-de-telefon product_tag-incarcare-wireless product_tag-margini-ridicate product_tag-protectie-ecran-si-camera product_tag-ultra-slim has-post-thumbnail sale shipping-taxable purchasable product-type-simple\">\n\t<a href=\"https:\/\/techguard.websal.ro\/?product=husa-telefon-kuspoal-incarcare-magnetica-gradient-multicolor-roz\" class=\"woocommerce-LoopProduct-link woocommerce-loop-product__link\">\n\t<span class=\"onsale\">Sale!<\/span>\n\t<img fetchpriority=\"high\" decoding=\"async\" width=\"300\" height=\"300\" src=\"https:\/\/techguard.websal.ro\/wp-content\/uploads\/2025\/10\/8-300x300.png\" class=\"attachment-woocommerce_thumbnail size-woocommerce_thumbnail\" alt=\"Hus\u0103 Telefon KUSPOAL, \u00cenc\u0103rcare Magnetic\u0103, Gradient Multicolor Roz\" srcset=\"https:\/\/techguard.websal.ro\/wp-content\/uploads\/2025\/10\/8-300x300.png 300w, https:\/\/techguard.websal.ro\/wp-content\/uploads\/2025\/10\/8-150x150.png 150w, https:\/\/techguard.websal.ro\/wp-content\/uploads\/2025\/10\/8-600x600.png 600w, https:\/\/techguard.websal.ro\/wp-content\/uploads\/2025\/10\/8-100x100.png 100w, https:\/\/techguard.websal.ro\/wp-content\/uploads\/2025\/10\/8.png 720w\" sizes=\"(max-width: 300px) 100vw, 300px\" \/><h2 class=\"woocommerce-loop-product__title\">Hus\u0103 Telefon KUSPOAL, \u00cenc\u0103rcare Magnetic\u0103, Gradient Multicolor Roz<\/h2>\n\t<span class=\"price\"><del aria-hidden=\"true\"><span class=\"woocommerce-Price-amount amount\"><bdi>89,99&nbsp;<span class=\"woocommerce-Price-currencySymbol\">lei<\/span><\/bdi><\/span><\/del> <span class=\"screen-reader-text\">Original price was: 89,99&nbsp;lei.<\/span><ins aria-hidden=\"true\"><span class=\"woocommerce-Price-amount amount\"><bdi>69,99&nbsp;<span class=\"woocommerce-Price-currencySymbol\">lei<\/span><\/bdi><\/span><\/ins><span class=\"screen-reader-text\">Current price is: 69,99&nbsp;lei.<\/span><\/span>\n<\/a><div class=\"woocommerce-loop-product__buttons\"><a href=\"\/index.php?rest_route=%2Fwp%2Fv2%2Fpages%2F106&#038;add-to-cart=486\" aria-describedby=\"woocommerce_loop_add_to_cart_link_describedby_486\" data-quantity=\"1\" class=\"button product_type_simple add_to_cart_button ajax_add_to_cart\" data-product_id=\"486\" data-product_sku=\"1001-2-1\" aria-label=\"Add to cart: &ldquo;Hus\u0103 Telefon KUSPOAL, \u00cenc\u0103rcare Magnetic\u0103, Gradient Multicolor Roz&rdquo;\" rel=\"nofollow\" data-success_message=\"&ldquo;Hus\u0103 Telefon KUSPOAL, \u00cenc\u0103rcare Magnetic\u0103, Gradient Multicolor Roz&rdquo; has been added to your cart\" role=\"button\">Add to cart<\/a><\/div>\t<span id=\"woocommerce_loop_add_to_cart_link_describedby_486\" class=\"screen-reader-text\">\n\t\t\t<\/span>\n<\/li>\n<li class=\"product type-product post-485 status-publish instock product_cat-huse-de-telefon product_tag-incarcare-wireless product_tag-margini-ridicate product_tag-protectie-ecran-si-camera product_tag-ultra-slim has-post-thumbnail sale shipping-taxable purchasable product-type-simple\">\n\t<a href=\"https:\/\/techguard.websal.ro\/?product=husa-casey-studiostm-pentru-iphone-15-pro-max-soft-silicone-premium-microfibra-in-interior-pentru-incarcare-wireless\" class=\"woocommerce-LoopProduct-link woocommerce-loop-product__link\">\n\t<span class=\"onsale\">Sale!<\/span>\n\t<img decoding=\"async\" width=\"300\" height=\"300\" src=\"https:\/\/techguard.websal.ro\/wp-content\/uploads\/2025\/10\/5-300x300.png\" class=\"attachment-woocommerce_thumbnail size-woocommerce_thumbnail\" alt=\"Hus\u0103 Casey StudioSTM pentru iPhone 15 Pro Max, Soft Silicone Premium, Microfibr\u0103 \u00een Interior, pentru \u00cenc\u0103rcare Wireless\" srcset=\"https:\/\/techguard.websal.ro\/wp-content\/uploads\/2025\/10\/5-300x300.png 300w, https:\/\/techguard.websal.ro\/wp-content\/uploads\/2025\/10\/5-150x150.png 150w, https:\/\/techguard.websal.ro\/wp-content\/uploads\/2025\/10\/5-600x600.png 600w, https:\/\/techguard.websal.ro\/wp-content\/uploads\/2025\/10\/5-100x100.png 100w, https:\/\/techguard.websal.ro\/wp-content\/uploads\/2025\/10\/5.png 720w\" sizes=\"(max-width: 300px) 100vw, 300px\" \/><h2 class=\"woocommerce-loop-product__title\">Hus\u0103 Casey StudioSTM pentru iPhone 15 Pro Max, Soft Silicone Premium, Microfibr\u0103 \u00een Interior, pentru \u00cenc\u0103rcare Wireless<\/h2>\n\t<span class=\"price\"><del aria-hidden=\"true\"><span class=\"woocommerce-Price-amount amount\"><bdi>79,99&nbsp;<span class=\"woocommerce-Price-currencySymbol\">lei<\/span><\/bdi><\/span><\/del> <span class=\"screen-reader-text\">Original price was: 79,99&nbsp;lei.<\/span><ins aria-hidden=\"true\"><span class=\"woocommerce-Price-amount amount\"><bdi>59,99&nbsp;<span class=\"woocommerce-Price-currencySymbol\">lei<\/span><\/bdi><\/span><\/ins><span class=\"screen-reader-text\">Current price is: 59,99&nbsp;lei.<\/span><\/span>\n<\/a><div class=\"woocommerce-loop-product__buttons\"><a href=\"\/index.php?rest_route=%2Fwp%2Fv2%2Fpages%2F106&#038;add-to-cart=485\" aria-describedby=\"woocommerce_loop_add_to_cart_link_describedby_485\" data-quantity=\"1\" class=\"button product_type_simple add_to_cart_button ajax_add_to_cart\" data-product_id=\"485\" data-product_sku=\"1001-2\" aria-label=\"Add to cart: &ldquo;Hus\u0103 Casey StudioSTM pentru iPhone 15 Pro Max, Soft Silicone Premium, Microfibr\u0103 \u00een Interior, pentru \u00cenc\u0103rcare Wireless&rdquo;\" rel=\"nofollow\" data-success_message=\"&ldquo;Hus\u0103 Casey StudioSTM pentru iPhone 15 Pro Max, Soft Silicone Premium, Microfibr\u0103 \u00een Interior, pentru \u00cenc\u0103rcare Wireless&rdquo; has been added to your cart\" role=\"button\">Add to cart<\/a><\/div>\t<span id=\"woocommerce_loop_add_to_cart_link_describedby_485\" class=\"screen-reader-text\">\n\t\t\t<\/span>\n<\/li>\n<\/ul>\n<\/div>\t\t\t\t<\/div>\n\t\t\t\t<\/div>\n\t\t\t\t\t<\/div>\n\t\t<\/div>\n\t\t\t\t\t<\/div>\n\t\t<\/section>\n\t\t\t\t<\/div>\n\t\t","protected":false},"excerpt":{"rendered":"<p>Remove item Thumbnail image Product Price Quantity Subtotal &times; Hus\u0103 Telefon KUSPOAL, \u00cenc\u0103rcare Magnetic\u0103, Gradient Multicolor Roz 69,99&nbsp;lei Hus\u0103 Telefon KUSPOAL, \u00cenc\u0103rcare Magnetic\u0103, Gradient Multicolor Roz quantity 69,99&nbsp;lei Introdu Cupon de reducere Sub-total Subtotal 69,99&nbsp;lei Shipping Livrare prin curierat rapid: 20,00&nbsp;lei Ridicare de la sediu Shipping to Bucure\u0219ti. Change address Country \/ region Select a [&hellip;]<\/p>\n","protected":false},"author":1,"featured_media":0,"parent":0,"menu_order":0,"comment_status":"closed","ping_status":"closed","template":"elementor_header_footer","meta":{"footnotes":""},"class_list":["post-106","page","type-page","status-publish","hentry"],"_links":{"self":[{"href":"https:\/\/techguard.websal.ro\/index.php?rest_route=\/wp\/v2\/pages\/106","targetHints":{"allow":["GET"]}}],"collection":[{"href":"https:\/\/techguard.websal.ro\/index.php?rest_route=\/wp\/v2\/pages"}],"about":[{"href":"https:\/\/techguard.websal.ro\/index.php?rest_route=\/wp\/v2\/types\/page"}],"author":[{"embeddable":true,"href":"https:\/\/techguard.websal.ro\/index.php?rest_route=\/wp\/v2\/users\/1"}],"replies":[{"embeddable":true,"href":"https:\/\/techguard.websal.ro\/index.php?rest_route=%2Fwp%2Fv2%2Fcomments&post=106"}],"version-history":[{"count":14,"href":"https:\/\/techguard.websal.ro\/index.php?rest_route=\/wp\/v2\/pages\/106\/revisions"}],"predecessor-version":[{"id":767,"href":"https:\/\/techguard.websal.ro\/index.php?rest_route=\/wp\/v2\/pages\/106\/revisions\/767"}],"wp:attachment":[{"href":"https:\/\/techguard.websal.ro\/index.php?rest_route=%2Fwp%2Fv2%2Fmedia&parent=106"}],"curies":[{"name":"wp","href":"https:\/\/api.w.org\/{rel}","templated":true}]}}