{"id":719,"date":"2025-11-03T17:21:08","date_gmt":"2025-11-03T14:21:08","guid":{"rendered":"https:\/\/techguard.websal.ro\/?post_type=product&#038;p=719"},"modified":"2025-11-03T17:25:31","modified_gmt":"2025-11-03T14:25:31","slug":"husa-de-protectie-pentru-xiaomi-redmi-9a-9at-9i-rosie","status":"publish","type":"product","link":"https:\/\/techguard.websal.ro\/?product=husa-de-protectie-pentru-xiaomi-redmi-9a-9at-9i-rosie","title":{"rendered":"Hus\u0103 de Protec\u021bie pentru Xiaomi Redmi 9A\/9AT\/9i, Ro\u0219ie"},"content":{"rendered":"<p>Aceast\u0103 hus\u0103 de protec\u021bie pentru Xiaomi Redmi 9A\/9AT\/9i este realizat\u0103 dintr-un material durabil, oferind o protec\u021bie solid\u0103 \u00eempotriva zg\u00e2rieturilor, \u0219ocurilor \u0219i c\u0103derilor. Designul s\u0103u sub\u021bire \u0219i finisajul ro\u0219u vibrant adaug\u0103 un aspect modern \u0219i elegant telefonului t\u0103u, p\u0103str\u00e2nd \u00een acela\u0219i timp accesul facil la toate porturile \u0219i butoanele. Husa se muleaz\u0103 perfect pe dispozitiv, oferind o protec\u021bie complet\u0103 \u0219i un confort sporit la utilizare.<\/p>\n","protected":false},"excerpt":{"rendered":"<p>Aceast\u0103 hus\u0103 de protec\u021bie pentru Xiaomi Redmi 9A\/9AT\/9i este realizat\u0103 dintr-un material durabil, oferind o protec\u021bie solid\u0103 \u00eempotriva zg\u00e2rieturilor, \u0219ocurilor \u0219i c\u0103derilor.<\/p>\n<p>&nbsp;<\/p>\n","protected":false},"featured_media":720,"comment_status":"open","ping_status":"closed","template":"","meta":[],"product_brand":[],"product_cat":[27],"product_tag":[34,35,63],"class_list":{"0":"post-719","1":"product","2":"type-product","3":"status-publish","4":"has-post-thumbnail","6":"product_cat-huse-de-telefon","7":"product_tag-protectie-anti-soc","8":"product_tag-protectie-anti-zgarieturi","9":"product_tag-protectie-ecran-si-camera","11":"first","12":"instock","13":"shipping-taxable","14":"purchasable","15":"product-type-simple"},"_links":{"self":[{"href":"https:\/\/techguard.websal.ro\/index.php?rest_route=\/wp\/v2\/product\/719","targetHints":{"allow":["GET"]}}],"collection":[{"href":"https:\/\/techguard.websal.ro\/index.php?rest_route=\/wp\/v2\/product"}],"about":[{"href":"https:\/\/techguard.websal.ro\/index.php?rest_route=\/wp\/v2\/types\/product"}],"replies":[{"embeddable":true,"href":"https:\/\/techguard.websal.ro\/index.php?rest_route=%2Fwp%2Fv2%2Fcomments&post=719"}],"wp:featuredmedia":[{"embeddable":true,"href":"https:\/\/techguard.websal.ro\/index.php?rest_route=\/wp\/v2\/media\/720"}],"wp:attachment":[{"href":"https:\/\/techguard.websal.ro\/index.php?rest_route=%2Fwp%2Fv2%2Fmedia&parent=719"}],"wp:term":[{"taxonomy":"product_brand","embeddable":true,"href":"https:\/\/techguard.websal.ro\/index.php?rest_route=%2Fwp%2Fv2%2Fproduct_brand&post=719"},{"taxonomy":"product_cat","embeddable":true,"href":"https:\/\/techguard.websal.ro\/index.php?rest_route=%2Fwp%2Fv2%2Fproduct_cat&post=719"},{"taxonomy":"product_tag","embeddable":true,"href":"https:\/\/techguard.websal.ro\/index.php?rest_route=%2Fwp%2Fv2%2Fproduct_tag&post=719"}],"curies":[{"name":"wp","href":"https:\/\/api.w.org\/{rel}","templated":true}]}}